    {"id":724,"date":"2025-07-03T02:19:26","date_gmt":"2025-07-03T00:19:26","guid":{"rendered":"https:\/\/spia.health\/?page_id=724"},"modified":"2025-07-04T02:40:49","modified_gmt":"2025-07-04T00:40:49","slug":"contacto","status":"publish","type":"page","link":"https:\/\/spia.health\/?page_id=724","title":{"rendered":"Contacto"},"content":{"rendered":"\t\t<div data-elementor-type=\"wp-page\" data-elementor-id=\"724\" class=\"elementor elementor-724\" data-elementor-post-type=\"page\">\n\t\t\t\t<div class=\"elementor-element elementor-element-4f36af4 e-con-full e-flex e-con e-parent\" data-id=\"4f36af4\" data-element_type=\"container\" data-settings=\"{&quot;background_background&quot;:&quot;classic&quot;}\">\n\t\t<div class=\"elementor-element elementor-element-cd6f827 e-con-full e-flex e-con e-child\" data-id=\"cd6f827\" data-element_type=\"container\">\n\t\t<div class=\"elementor-element elementor-element-c41ada8 e-con-full e-flex e-con e-child\" data-id=\"c41ada8\" data-element_type=\"container\" data-settings=\"{&quot;background_background&quot;:&quot;classic&quot;}\">\n\t\t\t\t<div class=\"elementor-element elementor-element-c250599 elementor-invisible elementor-widget elementor-widget-heading\" data-id=\"c250599\" data-element_type=\"widget\" data-settings=\"{&quot;_animation&quot;:&quot;fadeIn&quot;}\" data-widget_type=\"heading.default\">\n\t\t\t\t\t<h2 class=\"elementor-heading-title elementor-size-default\">ATENCI\u00d3N R\u00c1PIDA Y EFICAZ<\/h2>\t\t\t\t<\/div>\n\t\t\t\t<div class=\"elementor-element elementor-element-dff0fbb elementor-invisible elementor-widget elementor-widget-heading\" data-id=\"dff0fbb\" data-element_type=\"widget\" data-settings=\"{&quot;_animation&quot;:&quot;fadeInUp&quot;}\" data-widget_type=\"heading.default\">\n\t\t\t\t\t<h2 class=\"elementor-heading-title elementor-size-default\">Cont\u00e1ctanos<\/h2>\t\t\t\t<\/div>\n\t\t\t\t<div class=\"elementor-element elementor-element-b8b07d4 elementor-invisible elementor-widget elementor-widget-text-editor\" data-id=\"b8b07d4\" data-element_type=\"widget\" data-settings=\"{&quot;_animation&quot;:&quot;fadeInUp&quot;}\" data-widget_type=\"text-editor.default\">\n\t\t\t\t\t\t\t\t\t<p>Comun\u00edcate con nosotros para recibir ayuda clara, r\u00e1pida y eficiente en cada paso del proceso.<\/p>\t\t\t\t\t\t\t\t<\/div>\n\t\t\t\t<div class=\"elementor-element elementor-element-f6610d2 elementor-position-left elementor-widget__width-auto elementor-view-default elementor-mobile-position-top elementor-vertical-align-top elementor-widget elementor-widget-icon-box\" data-id=\"f6610d2\" data-element_type=\"widget\" data-widget_type=\"icon-box.default\">\n\t\t\t\t\t\t\t<div class=\"elementor-icon-box-wrapper\">\n\n\t\t\t\t\t\t<div class=\"elementor-icon-box-icon\">\n\t\t\t\t<span  class=\"elementor-icon\">\n\t\t\t\t<svg xmlns=\"http:\/\/www.w3.org\/2000\/svg\" width=\"85\" height=\"85\" viewBox=\"0 0 85 85\"><g data-name=\"Grupo 53703\" transform=\"translate(-159 -8610)\"><circle data-name=\"Elipse 664\" cx=\"42.5\" cy=\"42.5\" r=\"42.5\" transform=\"translate(159 8610)\" style=\"fill:#057ef4\"><\/circle><path data-name=\"Icon feather-phone-call\" d=\"M25.988 8.758a8.343 8.343 0 0 1 6.591 6.591M25.988 2.083a15.017 15.017 0 0 1 13.265 13.249m-1.669 13.315v5.006a3.337 3.337 0 0 1-3.637 3.337 33.021 33.021 0 0 1-14.4-5.122A32.537 32.537 0 0 1 9.536 21.856 33.021 33.021 0 0 1 4.413 7.389a3.337 3.337 0 0 1 3.32-3.637h5.006a3.337 3.337 0 0 1 3.337 2.87 21.424 21.424 0 0 0 1.168 4.689 3.337 3.337 0 0 1-.751 3.521l-2.118 2.118a26.7 26.7 0 0 0 10.011 10.012l2.119-2.119a3.337 3.337 0 0 1 3.521-.751 21.424 21.424 0 0 0 4.689 1.168 3.337 3.337 0 0 1 2.869 3.387z\" transform=\"translate(179.674 8632.957)\" style=\"fill:none;stroke:#fff;stroke-linecap:round;stroke-linejoin:round;stroke-width:2.5px\"><\/path><\/g><\/svg>\t\t\t\t<\/span>\n\t\t\t<\/div>\n\t\t\t\n\t\t\t\t\t\t<div class=\"elementor-icon-box-content\">\n\n\t\t\t\t\t\t\t\t\t<h3 class=\"elementor-icon-box-title\">\n\t\t\t\t\t\t<span  >\n\t\t\t\t\t\t\tTel\u00e9fono\t\t\t\t\t\t<\/span>\n\t\t\t\t\t<\/h3>\n\t\t\t\t\n\t\t\t\t\t\t\t\t\t<p class=\"elementor-icon-box-description\">\n\t\t\t\t\t\t+57 325 125 4563\t\t\t\t\t<\/p>\n\t\t\t\t\n\t\t\t<\/div>\n\t\t\t\n\t\t<\/div>\n\t\t\t\t\t\t<\/div>\n\t\t\t\t<div class=\"elementor-element elementor-element-4696d01 elementor-position-left elementor-widget__width-auto elementor-view-default elementor-mobile-position-top elementor-vertical-align-top elementor-widget elementor-widget-icon-box\" data-id=\"4696d01\" data-element_type=\"widget\" data-widget_type=\"icon-box.default\">\n\t\t\t\t\t\t\t<div class=\"elementor-icon-box-wrapper\">\n\n\t\t\t\t\t\t<div class=\"elementor-icon-box-icon\">\n\t\t\t\t<span  class=\"elementor-icon\">\n\t\t\t\t<svg xmlns=\"http:\/\/www.w3.org\/2000\/svg\" width=\"85\" height=\"85\" viewBox=\"0 0 85 85\"><g data-name=\"Grupo 53703\" transform=\"translate(-159 -8610)\"><circle data-name=\"Elipse 664\" cx=\"42.5\" cy=\"42.5\" r=\"42.5\" transform=\"translate(159 8610)\" style=\"fill:#057ef4\"><\/circle><path data-name=\"Trazado 44859\" d=\"M27.166 23.58h22.008a3.6 3.6 0 0 1 3.591 3.591V48.4a3.577 3.577 0 0 1-1.054 2.535 3.577 3.577 0 0 1-2.535 1.054H16.882a3.578 3.578 0 0 1-2.537-1.054.818.818 0 0 1-.048-.053 3.569 3.569 0 0 1-1.011-2.482V27.172a3.577 3.577 0 0 1 1.054-2.535 3.577 3.577 0 0 1 2.535-1.054zM50.51 49.807 37.751 38.865l-1.9 1.634a4.35 4.35 0 0 1-2.806 1.01 4.283 4.283 0 0 1-2.8-.987l-1.93-1.657-12.767 10.946a1.938 1.938 0 0 0 1.329.529h32.3a1.94 1.94 0 0 0 1.336-.533zm-35.578-1.632 12.116-10.391-12.116-10.392zm.613-22.419 13.284 11.393.015.013 2.459 2.109a2.634 2.634 0 0 0 1.726.594 2.712 2.712 0 0 0 1.743-.617l2.432-2.085.015-.013 13.286-11.388a1.938 1.938 0 0 0-1.334-.533H16.877a1.943 1.943 0 0 0-1.332.529zM51.119 27.4 39.013 37.784l12.106 10.381z\" transform=\"translate(168.474 8614.717)\" style=\"fill:#fff;stroke:#fff;stroke-width:.3px;fill-rule:evenodd\"><\/path><\/g><\/svg>\t\t\t\t<\/span>\n\t\t\t<\/div>\n\t\t\t\n\t\t\t\t\t\t<div class=\"elementor-icon-box-content\">\n\n\t\t\t\t\t\t\t\t\t<h3 class=\"elementor-icon-box-title\">\n\t\t\t\t\t\t<span  >\n\t\t\t\t\t\t\tCorreo electr\u00f3nico\t\t\t\t\t\t<\/span>\n\t\t\t\t\t<\/h3>\n\t\t\t\t\n\t\t\t\t\t\t\t\t\t<p class=\"elementor-icon-box-description\">\n\t\t\t\t\t\tcontact@spia.com\t\t\t\t\t<\/p>\n\t\t\t\t\n\t\t\t<\/div>\n\t\t\t\n\t\t<\/div>\n\t\t\t\t\t\t<\/div>\n\t\t\t\t<\/div>\n\t\t<div class=\"elementor-element elementor-element-b499760 e-con-full e-flex e-con e-child\" data-id=\"b499760\" data-element_type=\"container\" data-settings=\"{&quot;background_background&quot;:&quot;classic&quot;}\">\n\t\t\t\t<div class=\"elementor-element elementor-element-667e492 elementor-invisible elementor-widget elementor-widget-heading\" data-id=\"667e492\" data-element_type=\"widget\" data-settings=\"{&quot;_animation&quot;:&quot;fadeInUp&quot;}\" data-widget_type=\"heading.default\">\n\t\t\t\t\t<h2 class=\"elementor-heading-title elementor-size-default\">Env\u00edanos un mensaje<\/h2>\t\t\t\t<\/div>\n\t\t\t\t<div class=\"elementor-element elementor-element-cb92091 elementor-widget elementor-widget-shortcode\" data-id=\"cb92091\" data-element_type=\"widget\" data-widget_type=\"shortcode.default\">\n\t\t\t\t\t\t\t<div class=\"elementor-shortcode\">\n<div class=\"wpcf7 no-js\" id=\"wpcf7-f55-o1\" lang=\"es-ES\" dir=\"ltr\" data-wpcf7-id=\"55\">\n<div class=\"screen-reader-response\"><p role=\"status\" aria-live=\"polite\" aria-atomic=\"true\"><\/p> <ul><\/ul><\/div>\n<form action=\"\/index.php?rest_route=%2Fwp%2Fv2%2Fpages%2F724#wpcf7-f55-o1\" method=\"post\" class=\"wpcf7-form init\" aria-label=\"Formulario de contacto\" novalidate=\"novalidate\" data-status=\"init\">\n<fieldset class=\"hidden-fields-container\"><input type=\"hidden\" name=\"_wpcf7\" value=\"55\" \/><input type=\"hidden\" name=\"_wpcf7_version\" value=\"6.1\" \/><input type=\"hidden\" name=\"_wpcf7_locale\" value=\"es_ES\" \/><input type=\"hidden\" name=\"_wpcf7_unit_tag\" value=\"wpcf7-f55-o1\" \/><input type=\"hidden\" name=\"_wpcf7_container_post\" value=\"0\" \/><input type=\"hidden\" name=\"_wpcf7_posted_data_hash\" value=\"\" \/>\n<\/fieldset>\n<style>\n\ninput[type=\"text\"],.wpcf7-email,textarea\n{ \n font-family: 'Albert Sans' !important;\n font-size: 1.3vw !important;\n background-color: #fff !important;\n color: #706d6d !important;\n\n border-radius: 10px !important;\n border-width: 1px;\n border-color: #d2d4dd !important; \n}\ninput[type=\"text\"],.wpcf7-email\n{\n height: 5vw !important;\n font-family: 'Albert Sans' !important;\n font-size: 1.3vw !important;\n}\n\n\/*\n.wpcf7-email{\n font-family: 'Albert Sans' !important;\n font-size: 1.3vw !important;\n background-color: #fff!important;\n color: #bcbcbc !important; \n border-radius: 10px !important;\n border-color:#eceef1 !important;\n width: 66.5%;\n height: 5vw !important;\n}\n*\/\n.wpcf7-countrytext{\n font-family: 'Albert Sans' !important;\n font-size: 1.3vw !important;\n background-color: #fff !important;\n color: #bcbcbc !important; \n border-radius: 10px !important;\n border-color:#eceef1 !important;\n width: 66.5%;\n height: 5vw !important; \n\n}\n.wpcf7-password{\n font-family: 'Albert Sans' !important;\n font-size: 1.3vw !important;\n background-color: #fff !important;\n color: #bcbcbc !important; \n border-radius: 10px !important;\n border-color:#eceef1 !important;\n width: 66.5%;\n height: 5vw !important;\n \n}\n.wrapcel,.wrapcel p{\n display:inline-flex;\n justify-content:space-between;\n width:100%;\n margin-bottom:0px;\n}\n.wrapcel input, .wrapcel textarea{\n border:1px solid #d2d4dd !important;\n border-radius:10px !important;\n}\n.wrapcel input{\n height:5vw !important;\n font-family: 'Albert Sans' !important;\n font-size: 1.3vw !important;\n}\n.wrapcel p .wpcf7-form-control-wrap:nth-child(1)\n{\n width:55% !important;\n}\n.wrapcel p .wpcf7-form-control-wrap:nth-child(3)\n{\n width:45% !important;\n}\n.wrapcel p .wpcf7-form-control-wrap:nth-child(2) {\n width:45% !important;\n}\n\n::-webkit-input-placeholder { \/* WebKit browsers *\/\n color: #bcbcbc !important;\n opacity: 1;\n font-family: 'Albert Sans' !important;\n font-size: 1.3vw !important;\n font-stretch: normal;\n font-style: normal;\n line-height: 3.5;\n letter-spacing: normal; \n}\n:-moz-placeholder { \/* Mozilla Firefox 4 to 18 *\/\n color: #bcbcbc !important;\n opacity: 1;\n font-family: 'Albert Sans' !important;\n font-size: 1.3vw !important;\n font-stretch: normal;\n font-style: normal;\n line-height: 3.5;\n letter-spacing: normal; \n}\n::-moz-placeholder { \/* Mozilla Firefox 19+ *\/\n color: #bcbcbc !important;\n opacity: 1;\n font-family: 'Albert Sans' !important;\n font-size: 1.3vw !important;\n font-stretch: normal;\n font-style: normal;\n line-height: 3.5;\n letter-spacing: normal; \n}\n:-ms-input-placeholder { \/* Internet Explorer 10+ *\/\n color: #bcbcbc !important;\n opacity: 1;\n font-family: 'Albert Sans' !important;\n font-size: 1.3vw !important;\n font-stretch: normal;\n font-style: normal;\n line-height: 3.5;\n letter-spacing: normal; \n}\n\n#btnregistros{\n object-fit: contain;\n font-family: 'Albert Sans';\n font-size: 1.5vw;\n font-weight: 500;\n font-stretch: normal;\n font-style: normal;\n line-height: normal;\n letter-spacing: normal;\n text-align: center;\n color: #ffffff;\n background: #fff;\n border: 0px solid #8476c3;\n text-align: center;\n\n object-fit: contain;\n border-radius: 45px;\n background-color: #057ef4;\n width:13vw;\n}\n#btnregistros:hover{\ncolor:#057ef4;\nbackground: #ffffff;\nborder-color:#057ef4;\n}\n\n@media only screen and (max-width: 767px){\n input[type=\"text\"] { \n font-size: 3vw !important;\n height:45px !important;\n }\n .wpcf7-email {\n font-size: 3vw !important;\n height:45px !important;\n }\n .wpcf7-countrytext{\n height:45px !important;\n }\n .wpcf7-password{\n height:45px !important;\n padding-left: 3% !important;\n font-size: 3.5vw !important;\n }\n #btnregistros {\n font-size: 15px !important;\n height: 45px !important;\n border-radius: 12px !important;\n object-fit: contain;\n background-color: #057ef4;\n width: 150px;\n }\n\n.wpcf7 input.wpcf7-form-control:not([type=submit]), .wpcf7 textarea.wpcf7-form-control {\n min-height: 45px;\n}\n::-webkit-input-placeholder { \/* WebKit browsers *\/ \n font-size: 3vw !important; \n}\n:-moz-placeholder { \/* Mozilla Firefox 4 to 18 *\/ \n font-size: 3vw !important;\n}\n::-moz-placeholder { \/* Mozilla Firefox 19+ *\/ \n font-size: 3vw !important;\n}\n:-ms-input-placeholder { \/* Internet Explorer 10+ *\/ \n font-size: 3vw !important; \n}\n\n\n}\n.wpcf7-form-control-wrap[data-name=\"phonetext-50\"]\n{\n height: min-content;\n padding: 0px;\n margin: 0px;\n display: flex !important;\n}\n.intl-tel-input .flag-container\n{\n position:relative !important;\n}\n.intl-tel-input{\n display: inline-flex !important;\n}\n.intl-tel-input.separate-dial-code.allow-dropdown.iti-sdc-3 input[type=text] {\n padding: 12px 16px !important;\n}\n.intl-tel-input.separate-dial-code.allow-dropdown.iti-sdc-3 .selected-flag {\n width: 78px;\n border: 1px solid #d2d4dd !important;\n border-radius: 10px !important;\n background-color: transparent;\n}\n.intl-tel-input .flag-container {\n position: absolute;\n top: 0;\n bottom: 0;\n right: 0;\n padding: 0px !important;\n margin: 0px 2px !important;\n}\n.intl-tel-input.separate-dial-code .selected-dial-code {\n display: table-cell;\n vertical-align: middle;\n padding-left: 27px;\n font-size: 1.3vw;\n font-family: \"Albert Sans\", Sans-serif;\n}\n.wpcf7 form>div, .wpcf7 form>p {\n margin-bottom: 10px;\n}\n<\/style>\n<p><span class=\"wpcf7-form-control-wrap\" data-name=\"nombrecompleto\"><input size=\"40\" maxlength=\"400\" class=\"wpcf7-form-control wpcf7-text wpcf7-validates-as-required\" aria-required=\"true\" aria-invalid=\"false\" placeholder=\"Nombre completo*\" value=\"\" type=\"text\" name=\"nombrecompleto\" \/><\/span>\n<\/p>\n<div class='wrapcel'>\n\t<p><span class=\"wpcf7-form-control-wrap\" data-name=\"your-email\"><input size=\"40\" maxlength=\"400\" class=\"wpcf7-form-control wpcf7-email wpcf7-validates-as-required wpcf7-text wpcf7-validates-as-email\" autocomplete=\"email\" aria-required=\"true\" aria-invalid=\"false\" placeholder=\"Correo electr\u00f3nico*\" value=\"\" type=\"email\" name=\"your-email\" \/><\/span><br \/>\n<span class=\"wpcf7-form-control-wrap\" data-name=\"phonetext-50\"><input size=\"40\" class=\"wpcf7-form-control wpcf7-phonetext wpcf7-validates-as-required wpcf7-text wpcf7-validates-as-phonetext numerotelefono\" data-numberonly=\"true\" aria-required=\"true\" aria-invalid=\"false\" placeholder=\"Tel\u00e9fono\" value=\"\" type=\"text\" name=\"phonetext-50\" \/><input type=\"hidden\" name=\"phonetext-50-country-code\" class=\"wpcf7-phonetext-country-code\" \/><\/span><br \/>\n<!--<span class=\"wpcf7-form-control-wrap\" data-name=\"countrytext-937\"><input size=\"40\" class=\"wpcf7-form-control wpcf7-countrytext wpcf7-text wpcf7-validates-as-countrytext\" readonly=\"readonly\" aria-invalid=\"false\" value=\"\" type=\"text\" name=\"countrytext-937\" \/><\/span>-->\n\t<\/p>\n<\/div>\n<p><span class=\"wpcf7-form-control-wrap\" data-name=\"mensaje\"><textarea cols=\"40\" rows=\"5\" maxlength=\"2000\" class=\"wpcf7-form-control wpcf7-textarea wpcf7-validates-as-required\" aria-required=\"true\" aria-invalid=\"false\" placeholder=\"Escribe1 aqu\u00ed tu mensaje*\" name=\"mensaje\"><\/textarea><\/span><br \/>\n<input class=\"wpcf7-form-control wpcf7-submit has-spinner\" id=\"btnregistros\" type=\"submit\" value=\"Enviar\" \/>\n<\/p><div class=\"wpcf7-response-output\" aria-hidden=\"true\"><\/div>\n<\/form>\n<\/div>\n<\/div>\n\t\t\t\t\t\t<\/div>\n\t\t\t\t<\/div>\n\t\t\t\t<\/div>\n\t\t\t\t<\/div>\n\t\t<div class=\"elementor-element elementor-element-a734bb0 e-con-full e-flex e-con e-parent\" data-id=\"a734bb0\" data-element_type=\"container\" data-settings=\"{&quot;background_background&quot;:&quot;classic&quot;}\">\n\t\t<div class=\"elementor-element elementor-element-c62a757 e-con-full e-flex e-con e-child\" data-id=\"c62a757\" data-element_type=\"container\">\n\t\t<div class=\"elementor-element elementor-element-f763b80 e-con-full e-flex e-con e-child\" data-id=\"f763b80\" data-element_type=\"container\">\n\t\t\t\t<div class=\"elementor-element elementor-element-d5f696e elementor-widget elementor-widget-counter\" data-id=\"d5f696e\" data-element_type=\"widget\" data-widget_type=\"counter.default\">\n\t\t\t\t\t\t\t<div class=\"elementor-counter\">\n\t\t\t<div class=\"elementor-counter-title\">Profesionales conf\u00edan en SP.IA<\/div>\t\t\t<div class=\"elementor-counter-number-wrapper\">\n\t\t\t\t<span class=\"elementor-counter-number-prefix\"><\/span>\n\t\t\t\t<span class=\"elementor-counter-number\" data-duration=\"2000\" data-to-value=\"250\" data-from-value=\"0\" data-delimiter=\",\">0<\/span>\n\t\t\t\t<span class=\"elementor-counter-number-suffix\">+<\/span>\n\t\t\t<\/div>\n\t\t<\/div>\n\t\t\t\t\t\t<\/div>\n\t\t\t\t<\/div>\n\t\t<div class=\"elementor-element elementor-element-c89b57a e-con-full e-flex e-con e-child\" data-id=\"c89b57a\" data-element_type=\"container\">\n\t\t\t\t<div class=\"elementor-element elementor-element-d400513 elementor-widget__width-initial elementor-widget elementor-widget-image\" data-id=\"d400513\" data-element_type=\"widget\" data-widget_type=\"image.default\">\n\t\t\t\t\t\t\t\t\t\t\t\t\t\t\t<img fetchpriority=\"high\" decoding=\"async\" width=\"586\" height=\"180\" src=\"https:\/\/spia.health\/wp-content\/uploads\/2025\/07\/testimonio.png\" class=\"attachment-full size-full wp-image-246\" alt=\"\" srcset=\"https:\/\/spia.health\/wp-content\/uploads\/2025\/07\/testimonio.png 586w, https:\/\/spia.health\/wp-content\/uploads\/2025\/07\/testimonio-300x92.png 300w\" sizes=\"(max-width: 586px) 100vw, 586px\" \/>\t\t\t\t\t\t\t\t\t\t\t\t\t\t\t<\/div>\n\t\t\t\t<div class=\"elementor-element elementor-element-e3188a6 elementor-widget elementor-widget-text-editor\" data-id=\"e3188a6\" data-element_type=\"widget\" data-widget_type=\"text-editor.default\">\n\t\t\t\t\t\t\t\t\tLa experiencia en quir\u00f3fano <br>habla por s\u00ed sola. Con\u00f3celos.\t\t\t\t\t\t\t\t<\/div>\n\t\t\t\t<\/div>\n\t\t\t\t<\/div>\n\t\t\t\t<div class=\"elementor-element elementor-element-56a5b68 elementor-pagination-position-outside elementor-widget elementor-widget-image-carousel\" data-id=\"56a5b68\" data-element_type=\"widget\" data-settings=\"{&quot;slides_to_show&quot;:&quot;3&quot;,&quot;navigation&quot;:&quot;dots&quot;,&quot;image_spacing_custom&quot;:{&quot;unit&quot;:&quot;px&quot;,&quot;size&quot;:9,&quot;sizes&quot;:[]},&quot;autoplay&quot;:&quot;yes&quot;,&quot;pause_on_hover&quot;:&quot;yes&quot;,&quot;pause_on_interaction&quot;:&quot;yes&quot;,&quot;autoplay_speed&quot;:5000,&quot;infinite&quot;:&quot;yes&quot;,&quot;speed&quot;:500,&quot;image_spacing_custom_tablet&quot;:{&quot;unit&quot;:&quot;px&quot;,&quot;size&quot;:&quot;&quot;,&quot;sizes&quot;:[]},&quot;image_spacing_custom_mobile&quot;:{&quot;unit&quot;:&quot;px&quot;,&quot;size&quot;:&quot;&quot;,&quot;sizes&quot;:[]}}\" data-widget_type=\"image-carousel.default\">\n\t\t\t\t\t\t\t<div class=\"elementor-image-carousel-wrapper swiper\" role=\"region\" aria-roledescription=\"carousel\" aria-label=\"Carrusel de im\u00e1genes\" dir=\"ltr\">\n\t\t\t<div class=\"elementor-image-carousel swiper-wrapper\" aria-live=\"off\">\n\t\t\t\t\t\t\t\t<div class=\"swiper-slide\" role=\"group\" aria-roledescription=\"slide\" aria-label=\"1 de 3\"><figure class=\"swiper-slide-inner\"><img decoding=\"async\" class=\"swiper-slide-image\" src=\"https:\/\/spia.health\/wp-content\/uploads\/2025\/07\/test1-1.png\" alt=\"test1\" \/><\/figure><\/div><div class=\"swiper-slide\" role=\"group\" aria-roledescription=\"slide\" aria-label=\"2 de 3\"><figure class=\"swiper-slide-inner\"><img decoding=\"async\" class=\"swiper-slide-image\" src=\"https:\/\/spia.health\/wp-content\/uploads\/2025\/07\/test2-1.png\" alt=\"test2\" \/><\/figure><\/div><div class=\"swiper-slide\" role=\"group\" aria-roledescription=\"slide\" aria-label=\"3 de 3\"><figure class=\"swiper-slide-inner\"><img decoding=\"async\" class=\"swiper-slide-image\" src=\"https:\/\/spia.health\/wp-content\/uploads\/2025\/07\/test3-1.png\" alt=\"test3\" \/><\/figure><\/div>\t\t\t<\/div>\n\t\t\t\t\t\t\t\n\t\t\t\t\t\t\t\t\t<div class=\"swiper-pagination\"><\/div>\n\t\t\t\t\t\t\t\t\t<\/div>\n\t\t\t\t\t\t<\/div>\n\t\t\t\t<\/div>\n\t\t\t\t<\/div>\n\t\t","protected":false},"excerpt":{"rendered":"<p>ATENCI\u00d3N R\u00c1PIDA Y EFICAZ Cont\u00e1ctanos Comun\u00edcate con nosotros para recibir ayuda clara, r\u00e1pida y eficiente en cada paso del proceso. [&hellip;]<\/p>\n","protected":false},"author":1,"featured_media":0,"parent":0,"menu_order":0,"comment_status":"closed","ping_status":"closed","template":"elementor_header_footer","meta":{"site-sidebar-layout":"default","site-content-layout":"","ast-site-content-layout":"default","site-content-style":"default","site-sidebar-style":"default","ast-global-header-display":"","ast-banner-title-visibility":"","ast-main-header-display":"","ast-hfb-above-header-display":"","ast-hfb-below-header-display":"","ast-hfb-mobile-header-display":"","site-post-title":"","ast-breadcrumbs-content":"","ast-featured-img":"","footer-sml-layout":"","theme-transparent-header-meta":"default","adv-header-id-meta":"","stick-header-meta":"","header-above-stick-meta":"","header-main-stick-meta":"","header-below-stick-meta":"","astra-migrate-meta-layouts":"set","ast-page-background-enabled":"default","ast-page-background-meta":{"desktop":{"background-color":"var(--ast-global-color-5)","background-image":"","background-repeat":"repeat","background-position":"center center","background-size":"auto","background-attachment":"scroll","background-type":"","background-media":"","overlay-type":"","overlay-color":"","overlay-opacity":"","overlay-gradient":""},"tablet":{"background-color":"","background-image":"","background-repeat":"repeat","background-position":"center center","background-size":"auto","background-attachment":"scroll","background-type":"","background-media":"","overlay-type":"","overlay-color":"","overlay-opacity":"","overlay-gradient":""},"mobile":{"background-color":"","background-image":"","background-repeat":"repeat","background-position":"center center","background-size":"auto","background-attachment":"scroll","background-type":"","background-media":"","overlay-type":"","overlay-color":"","overlay-opacity":"","overlay-gradient":""}},"ast-content-background-meta":{"desktop":{"background-color":"var(--ast-global-color-4)","background-image":"","background-repeat":"repeat","background-position":"center center","background-size":"auto","background-attachment":"scroll","background-type":"","background-media":"","overlay-type":"","overlay-color":"","overlay-opacity":"","overlay-gradient":""},"tablet":{"background-color":"var(--ast-global-color-4)","background-image":"","background-repeat":"repeat","background-position":"center center","background-size":"auto","background-attachment":"scroll","background-type":"","background-media":"","overlay-type":"","overlay-color":"","overlay-opacity":"","overlay-gradient":""},"mobile":{"background-color":"var(--ast-global-color-4)","background-image":"","background-repeat":"repeat","background-position":"center center","background-size":"auto","background-attachment":"scroll","background-type":"","background-media":"","overlay-type":"","overlay-color":"","overlay-opacity":"","overlay-gradient":""}},"footnotes":""},"class_list":["post-724","page","type-page","status-publish","hentry"],"_links":{"self":[{"href":"https:\/\/spia.health\/index.php?rest_route=\/wp\/v2\/pages\/724","targetHints":{"allow":["GET"]}}],"collection":[{"href":"https:\/\/spia.health\/index.php?rest_route=\/wp\/v2\/pages"}],"about":[{"href":"https:\/\/spia.health\/index.php?rest_route=\/wp\/v2\/types\/page"}],"author":[{"embeddable":true,"href":"https:\/\/spia.health\/index.php?rest_route=\/wp\/v2\/users\/1"}],"replies":[{"embeddable":true,"href":"https:\/\/spia.health\/index.php?rest_route=%2Fwp%2Fv2%2Fcomments&post=724"}],"version-history":[{"count":106,"href":"https:\/\/spia.health\/index.php?rest_route=\/wp\/v2\/pages\/724\/revisions"}],"predecessor-version":[{"id":936,"href":"https:\/\/spia.health\/index.php?rest_route=\/wp\/v2\/pages\/724\/revisions\/936"}],"wp:attachment":[{"href":"https:\/\/spia.health\/index.php?rest_route=%2Fwp%2Fv2%2Fmedia&parent=724"}],"curies":[{"name":"wp","href":"https:\/\/api.w.org\/{rel}","templated":true}]}}