    {"id":693,"date":"2025-07-02T22:36:40","date_gmt":"2025-07-02T20:36:40","guid":{"rendered":"https:\/\/spia.health\/?page_id=693"},"modified":"2025-07-05T02:52:47","modified_gmt":"2025-07-05T00:52:47","slug":"registro_old","status":"publish","type":"page","link":"https:\/\/spia.health\/?page_id=693","title":{"rendered":"RegistroOLD"},"content":{"rendered":"\t\t<div data-elementor-type=\"wp-page\" data-elementor-id=\"693\" class=\"elementor elementor-693\" data-elementor-post-type=\"page\">\n\t\t\t\t<div class=\"elementor-element elementor-element-b50d2db e-con-full e-flex e-con e-parent\" data-id=\"b50d2db\" data-element_type=\"container\" data-settings=\"{&quot;background_background&quot;:&quot;classic&quot;}\">\n\t\t<div class=\"elementor-element elementor-element-3a10517 e-con-full e-flex e-con e-child\" data-id=\"3a10517\" data-element_type=\"container\">\n\t\t\t\t<div class=\"elementor-element elementor-element-d2eae3e elementor-widget elementor-widget-image\" data-id=\"d2eae3e\" data-element_type=\"widget\" data-widget_type=\"image.default\">\n\t\t\t\t\t\t\t\t\t\t\t\t\t\t\t\t<a href=\"https:\/\/spia.health\">\n\t\t\t\t\t\t\t<img fetchpriority=\"high\" decoding=\"async\" width=\"1024\" height=\"261\" src=\"https:\/\/spia.health\/wp-content\/uploads\/2025\/07\/logofooter-1024x261.png\" class=\"attachment-large size-large wp-image-310\" alt=\"\" srcset=\"https:\/\/spia.health\/wp-content\/uploads\/2025\/07\/logofooter-1024x261.png 1024w, https:\/\/spia.health\/wp-content\/uploads\/2025\/07\/logofooter-300x76.png 300w, https:\/\/spia.health\/wp-content\/uploads\/2025\/07\/logofooter-768x196.png 768w, https:\/\/spia.health\/wp-content\/uploads\/2025\/07\/logofooter-600x153.png 600w, https:\/\/spia.health\/wp-content\/uploads\/2025\/07\/logofooter.png 1197w\" sizes=\"(max-width: 1024px) 100vw, 1024px\" \/>\t\t\t\t\t\t\t\t<\/a>\n\t\t\t\t\t\t\t\t\t\t\t\t\t\t\t<\/div>\n\t\t\t\t<div class=\"elementor-element elementor-element-2309cb1 elementor-widget elementor-widget-image\" data-id=\"2309cb1\" data-element_type=\"widget\" data-widget_type=\"image.default\">\n\t\t\t\t\t\t\t\t\t\t\t\t\t\t\t<img decoding=\"async\" width=\"853\" height=\"711\" src=\"https:\/\/spia.health\/wp-content\/uploads\/2025\/07\/sesion.svg\" class=\"elementor-animation-shrink attachment-large size-large wp-image-448\" alt=\"\" \/>\t\t\t\t\t\t\t\t\t\t\t\t\t\t\t<\/div>\n\t\t\t\t<\/div>\n\t\t<div class=\"elementor-element elementor-element-1932c9c e-con-full e-flex e-con e-child\" data-id=\"1932c9c\" data-element_type=\"container\">\n\t\t\t\t<div class=\"elementor-element elementor-element-1f047cd sombraacceso elementor-widget__width-inherit elementor-invisible elementor-widget elementor-widget-heading\" data-id=\"1f047cd\" data-element_type=\"widget\" data-settings=\"{&quot;_animation&quot;:&quot;fadeIn&quot;}\" data-widget_type=\"heading.default\">\n\t\t\t\t\t<h2 class=\"elementor-heading-title elementor-size-default\">Reg\u00edstrate<\/h2>\t\t\t\t<\/div>\n\t\t\t\t<div class=\"elementor-element elementor-element-3b1c1dc elementor-widget elementor-widget-shortcode\" data-id=\"3b1c1dc\" data-element_type=\"widget\" data-widget_type=\"shortcode.default\">\n\t\t\t\t\t\t\t<div class=\"elementor-shortcode\">\n<div class=\"wpcf7 no-js\" id=\"wpcf7-f711-o1\" lang=\"es-ES\" dir=\"ltr\" data-wpcf7-id=\"711\">\n<div class=\"screen-reader-response\"><p role=\"status\" aria-live=\"polite\" aria-atomic=\"true\"><\/p> <ul><\/ul><\/div>\n<form action=\"\/index.php?rest_route=%2Fwp%2Fv2%2Fpages%2F693#wpcf7-f711-o1\" method=\"post\" class=\"wpcf7-form init\" aria-label=\"Formulario de contacto\" novalidate=\"novalidate\" data-status=\"init\">\n<fieldset class=\"hidden-fields-container\"><input type=\"hidden\" name=\"_wpcf7\" value=\"711\" \/><input type=\"hidden\" name=\"_wpcf7_version\" value=\"6.1\" \/><input type=\"hidden\" name=\"_wpcf7_locale\" value=\"es_ES\" \/><input type=\"hidden\" name=\"_wpcf7_unit_tag\" value=\"wpcf7-f711-o1\" \/><input type=\"hidden\" name=\"_wpcf7_container_post\" value=\"0\" \/><input type=\"hidden\" name=\"_wpcf7_posted_data_hash\" value=\"\" \/>\n<\/fieldset>\n<style>\nhtml body div.wpcf7 p {\n margin: 0px !important;\n\n}\n\n\/* Controlar el espaciado de los 'wrappers' de Contact Form 7. *\/\nhtml body div.wpcf7 .wpcf7-form-control-wrap {\n display: block !important;\n margin-bottom: 1px !important; \/* AJUSTA ESTE VALOR para el espacio entre inputs *\/\n margin-top: 0 !important;\n padding: 0 !important;\n overflow: visible !important;\n}\n\/* Quita el margen y el padding de los p\u00e1rrafos de Contact Form 7 *\/\nhtml body div.wpcf7 p {\n margin: 0px !important;\n}\n\n\n\ninput[type=\"text\"]\n{ \n \n width: 26.042vw;\n height: 4.167vw;\n \/*\n border-radius: 15px !important;\n border: solid 1px #d2d8dd;\n *\/\n background-color: #fff;\n font-family: 'Open Sans';\n font-size: 1.042vw;\n font-weight: normal;\n font-stretch: normal;\n font-style: normal;\n line-height: normal;\n letter-spacing: normal;\n color: #9a9a9a;\n padding-left: 0.938vw;\n border:0px !important;\n}\n.wpcf7-email{\n width: 26.042vw;\n height: 4.167vw !important;\n \/*\n border-radius: 15px !important;\n border: solid 1px #d2d8dd;\n *\/\n background-color: #fff;\n font-family: 'Open Sans';\n font-size: 1.042vw;\n font-weight: normal;\n font-stretch: normal;\n font-style: normal;\n line-height: normal;\n letter-spacing: normal;\n color: #9a9a9a; \n padding-left: 0.938vw;\n border:0px !important;\n}\n.wpcf7-countrytext{\n width: 26.042vw;\n height: 4.167vw;\n \/*\n border-radius: 15px !important;\n border: solid 1px #d2d8dd;\n *\/\n background-color: #fff;\n font-family: 'Open Sans';\n font-size: 1.042vw;\n font-weight: normal;\n font-stretch: normal;\n font-style: normal;\n line-height: normal;\n letter-spacing: normal;\n color: #9a9a9a;\n padding-left: 0.938vw; \n border:0px !important;\n}\n.wpcf7-password{\n width: 26.042vw;\n height: 4.167vw !important;\n \/*\n border-radius: 15px !important;\n border: solid 1px #d2d8dd;\n *\/\n background-color: #fff;\n font-family: 'Open Sans';\n font-size: 1.042vw;\n font-weight: normal;\n font-stretch: normal;\n font-style: normal;\n line-height: normal;\n letter-spacing: normal;\n color: #9a9a9a;\n padding-left: 0.938vw;\n border:0px !important;\n}\n::-webkit-input-placeholder { \/* WebKit browsers *\/\n color: #bcbcbc !important;\n opacity: 1;\n font-size: 1.042vw !important;\n font-family: 'Poppins';\n font-stretch: normal;\n font-style: normal;\n line-height: 3.5;\n letter-spacing: normal; \n}\n:-moz-placeholder { \/* Mozilla Firefox 4 to 18 *\/\n color: #bcbcbc !important;\n opacity: 1;\n font-size: 1.042vw !important;\n font-family: 'Poppins';\n font-stretch: normal;\n font-style: normal;\n line-height: 3.5;\n letter-spacing: normal; \n}\n::-moz-placeholder { \/* Mozilla Firefox 19+ *\/\n color: #bcbcbc !important;\n opacity: 1;\n font-size: 1.042vw !important;\n font-family: 'Poppins';\n font-stretch: normal;\n font-style: normal;\n line-height: 3.5;\n letter-spacing: normal; \n}\n:-ms-input-placeholder { \/* Internet Explorer 10+ *\/\n color: #bcbcbc !important;\n opacity: 1;\n font-size: 1.042vw !important;\n font-family: 'Poppins';\n font-stretch: normal;\n font-style: normal;\n line-height: 3.5;\n letter-spacing: normal; \n}\n\n#btnregistro {\n width: 100% !important; \n padding-top: 0 !important;\n padding-bottom: 0 !important;\n height: 4.167vw !important;\n background: rgb(240, 241, 245); \n border: 1px solid rgb(210, 216, 221); \n cursor: not-allowed;\n font-family: 'Open Sans';\n font-size: 20px;\n font-weight: bold;\n font-stretch: normal;\n font-style: normal;\n line-height: normal;\n letter-spacing: normal;\n\nfont-family: \"Albert Sans\", sans-serif;\n font-size: 30px;\n font-weight: 600;\n font-stretch: normal;\n font-style: normal;\n line-height: normal;\n letter-spacing: normal;\n text-align: center;\n color: #fff !important;\n object-fit: contain;\n border-radius: 45px !important;\n box-shadow: 0 3px 6px 0 rgba(0, 0, 0, 0.16);\n background-color: #057ef4;\n}\n\n#btnregistro.activo {\n background-color: #fff !important; \/* Fondo blanco (con !important para sobrescribir) *\/\n color: #000 !important; \/* \u00a1Color negro con !important para sobrescribir el !important anterior! *\/\n border: solid 2px #000 !important; \/* Borde negro (con !important para sobrescribir) *\/\n cursor: pointer !important;\n}\n\n\n@media only screen and (max-width: 767px){\n input[type=\"text\"] { \n font-size: 3vw !important;\n height:45px !important;\n }\n .wpcf7-email {\n font-size: 3vw !important;\n height:45px !important;\n }\n .wpcf7-countrytext{\n height:45px !important;\n }\n .wpcf7-password{\n height:45px !important;\n padding-left: 3% !important;\n font-size: 3.5vw !important;\n }\n #btnregistro {\n font-size: 3.5vw !important;\n height: 45px !important;\n border-radius:2px !important;\n object-fit: contain;\n border-radius: 45px;\n box-shadow: 0 3px 6px 0 rgba(0, 0, 0, 0.16);\n background-color: #057ef4;\n }\n\n::-webkit-input-placeholder { \/* WebKit browsers *\/ \n font-size: 3vw !important; \n}\n:-moz-placeholder { \/* Mozilla Firefox 4 to 18 *\/ \n font-size: 3vw !important;\n}\n::-moz-placeholder { \/* Mozilla Firefox 19+ *\/ \n font-size: 3vw !important;\n}\n:-ms-input-placeholder { \/* Internet Explorer 10+ *\/ \n font-size: 3vw !important; \n}\n\n\n}\n.wrapperinputsimg p label\n{\n margin: 0px !important;\n align-items: center !important;\n justify-content: center !important;\n display: flex !important;\n}\n.wrapperinputsimg p\n{\n object-fit: contain;\n border-radius: 10px;\n box-shadow: 0 3px 2px 0 rgba(0, 0, 0, 0.16);\n border: solid 1px #e5e5e5;\n background-color: #fff;\n display:inline-flex;\n width:100% !important;\n padding: 0 10px !important;\n margin-bottom:9px !important;\n}\n.intl-tel-input.separate-dial-code .selected-flag {\n background-color: transparent !important;\n display: table;\n padding: 0px !important;\n}\n<\/style>\n<!--<span class=\"wpcf7-form-control-wrap\" data-name=\"countrytext-937\"><input size=\"40\" class=\"wpcf7-form-control wpcf7-countrytext wpcf7-text wpcf7-validates-as-countrytext\" readonly=\"readonly\" aria-invalid=\"false\" value=\"\" type=\"text\" name=\"countrytext-937\" \/><\/span>-->\n<p><span class=\"wpcf7-form-control-wrap\" data-name=\"planid\"><input size=\"40\" maxlength=\"400\" class=\"wpcf7-form-control wpcf7-text d-none\" id=\"planid\" aria-invalid=\"false\" value=\"\" type=\"text\" name=\"planid\" \/><\/span><span class=\"wpcf7-form-control-wrap\" data-name=\"productid\"><input size=\"40\" maxlength=\"400\" class=\"wpcf7-form-control wpcf7-text d-none\" id=\"productid\" aria-invalid=\"false\" value=\"\" type=\"text\" name=\"productid\" \/><\/span><span class=\"wpcf7-form-control-wrap\" data-name=\"roltype\"><input size=\"40\" maxlength=\"400\" class=\"wpcf7-form-control wpcf7-text d-none\" id=\"roltype\" aria-invalid=\"false\" value=\"\" type=\"text\" name=\"roltype\" \/><\/span><!--<span class=\"wpcf7-form-control-wrap\" data-name=\"plansdirect\"><input size=\"40\" maxlength=\"400\" class=\"wpcf7-form-control wpcf7-text d-none\" id=\"plansdirect\" aria-invalid=\"false\" value=\"yes\" type=\"text\" name=\"plansdirect\" \/><\/span>-->\n<\/p>\n<div class='wrapperinputsimg'>\n\t<p><label for='nombrecompleto'><img decoding=\"async\"  src=\"https:\/\/spia.health\/wp-content\/uploads\/2025\/07\/icon-feather-user.svg\" \/><\/label><br \/>\n<span class=\"wpcf7-form-control-wrap\" data-name=\"nombrecompleto\"><input size=\"40\" maxlength=\"400\" class=\"wpcf7-form-control wpcf7-text\" id=\"nombrecompleto\" aria-invalid=\"false\" placeholder=\"Nombre completo\" value=\"\" type=\"text\" name=\"nombrecompleto\" \/><\/span>\n\t<\/p>\n<\/div>\n<div class='wrapperinputsimg'>\n\t<p><label for='your-email'><img decoding=\"async\"  src=\"https:\/\/spia.health\/wp-content\/uploads\/2025\/07\/icon-feather-mail.svg\" \/><\/label><br \/>\n<span class=\"wpcf7-form-control-wrap\" data-name=\"your-email\"><input size=\"40\" maxlength=\"400\" class=\"wpcf7-form-control wpcf7-email wpcf7-validates-as-required wpcf7-text wpcf7-validates-as-email\" id=\"your-email\" autocomplete=\"email\" aria-required=\"true\" aria-invalid=\"false\" placeholder=\"Correo electr\u00f3nico\" value=\"\" type=\"email\" name=\"your-email\" \/><\/span>\n\t<\/p>\n<\/div>\n<div class='wrapperinputsimg'>\n\t<p><span class=\"wpcf7-form-control-wrap\" data-name=\"phonetext-50\"><input size=\"40\" class=\"wpcf7-form-control wpcf7-phonetext wpcf7-validates-as-required wpcf7-text wpcf7-validates-as-phonetext\" data-numberonly=\"true\" aria-required=\"true\" aria-invalid=\"false\" value=\"\" type=\"text\" name=\"phonetext-50\" \/><input type=\"hidden\" name=\"phonetext-50-country-code\" class=\"wpcf7-phonetext-country-code\" \/><\/span>\n\t<\/p>\n<\/div>\n<div class='wrapperinputsimg'>\n\t<p><label for='password-32'><img decoding=\"async\" src=\"https:\/\/spia.health\/wp-content\/uploads\/2025\/07\/icon-feather-lock-1.svg\" \/><\/label><br \/>\n<span class=\"wpcf7-form-control-wrap\" data-name=\"password-32\"><input size=\"40\" class=\"wpcf7-form-control wpcf7-password wpcf7-validates-as-required wpcf7-text wpcf7-validates-as-password\" id=\"password-32\" password_strength=\"0\" aria-required=\"true\" aria-invalid=\"false\" placeholder=\"Contrase\u00f1a\" value=\"\" type=\"password\" name=\"password-32\" \/><span style=\"position: relative; margin-left: -30px;\"  id=\"buttonEye-password-32\" class=\"fa fa-eye-slash\" onclick=\"pushHideButton('password-32')\"><\/span><\/span>\n\t<input class=\"wpcf7-form-control wpcf7-hidden\" id=\"codigopais\" value=\"\" type=\"hidden\" name=\"text-659\" \/>\n\t<\/p>\n<\/div>\n<p><img decoding=\"async\" id=\"toggleIcon_ver\" class=\"icon_ocultar\" onclick=\"togglePasswordVisibility()\" src=\"https:\/\/welladvisor.co\/wp-content\/uploads\/2025\/06\/icon-feather-eye.svg\" style=\"margin-top: -2.5%;display: none;\" \/><br \/>\n<input class=\"wpcf7-form-control wpcf7-submit has-spinner\" id=\"btnregistro\" type=\"submit\" value=\"Crear una cuenta\" \/>\n<\/p>\n<p><script>\n function togglePasswordVisibility() {\n const passwordInput = document.getElementById(\"password-32\");\n \/\/ alert(passwordInput.type); \/\/ Puedes quitar esta l\u00ednea si no la necesitas para depurar\n\n const toggleIconVer = document.getElementById(\"toggleIcon_ver\");\n const toggleIcon = document.getElementById(\"toggleIcon\");\n\n if (passwordInput.type === \"password\") {\n passwordInput.type = \"text\";\n \n toggleIconVer.style.display = \"none\"; \n toggleIcon.style.display = \"\"; \n } else {\n passwordInput.type = \"password\";\n \n toggleIconVer.style.display = \"\";\n \n toggleIcon.style.display = \"none\";\n \n }\n}\n<\/script>\n<\/p>\n<p><script>\njQuery(document).ready(function($) {\n const formSelector = '.wpcf7-form.init';\n const $elementoACambiar = $('#btnregistro');\n\n \/\/ Inicialmente, el bot\u00f3n est\u00e1 deshabilitado y SIN la clase 'activo'\n if ($elementoACambiar.length) {\n $elementoACambiar.prop('disabled', true).removeClass('activo'); \/\/ Aseg\u00farate de que no tenga la clase 'activo' al inicio\n console.log(\"\u2705 Bot\u00f3n #btnregistro inicializado como deshabilitado y sin clase 'activo'.\");\n } else {\n console.warn(\"\u26a0\ufe0f No se encontr\u00f3 el bot\u00f3n con ID #btnregistro.\");\n }\n\n function verificarYCambiarEstilo(currentForm) {\n const $form = $(currentForm); \n if (!$form.length) {\n console.warn(\"\u26a0\ufe0f Funci\u00f3n 'verificarYCambiarEstilo' llamada sin un formulario v\u00e1lido.\");\n return;\n }\n\n let todosLlenos = true;\n \n $form.find('input:not([type=\"submit\"]):not([type=\"button\"]):not([type=\"hidden\"]):not([readonly]), textarea, select').each(function() {\n const $this = $(this);\n \/\/ ... (Tu l\u00f3gica de verificaci\u00f3n de campos vac\u00edos, incluyendo select) ...\n if ($this.is('select') && ($this.val() === '' || $this.val() === null)) {\n todosLlenos = false;\n return false;\n } else if ($this.val().trim() === '' && $this.attr('id') !=\"plansdirect\" && $this.attr('id') !=\"planid\" && $this.attr('id') !=\"productid\" && $this.attr('id') !=\"roltype\") {\n console.log($this.attr('id'))\n todosLlenos = false;\n return false;\n }\n });\n\n console.log(`Estado del formulario: ${todosLlenos ? '\u2705 Todos los campos requeridos llenos' : '\u274c Campos requeridos incompletos'}`);\n\n if (todosLlenos) {\n $elementoACambiar.addClass('activo').prop('disabled', false); \/\/ A\u00f1ade la clase 'activo'\n console.log(\"? Bot\u00f3n #btnregistro: Activado y clase 'activo' aplicada. El CSS ahora controla el estilo.\");\n } else {\n $elementoACambiar.removeClass('activo').prop('disabled', true); \/\/ Remueve la clase 'activo'\n console.log(\"? Bot\u00f3n #btnregistro: Deshabilitado y clase 'activo' removida. El CSS base controla el estilo.\");\n }\n }\n\n \/\/ --- El resto de tu c\u00f3digo para adjuntar eventos 'on' y 'wpcf7init' es el mismo ---\n $(document).on('input change', formSelector + ' input:not([type=\"submit\"]):not([type=\"button\"]):not([type=\"hidden\"]):not([readonly]), ' +\n formSelector + ' textarea, ' + \n formSelector + ' select', function() {\n console.log('\u26a1 Evento input\/change detectado en un campo de formulario interactuable.');\n verificarYCambiarEstilo($(this).closest(formSelector));\n });\n\n $(document).on('wpcf7init', formSelector, function() {\n console.log('\u2728 Evento wpcf7init detectado para el formulario. Realizando verificaci\u00f3n inicial.');\n verificarYCambiarEstilo($(this));\n });\n\n const $initialForm = $(formSelector);\n if ($initialForm.length) {\n console.log(\"? Formulario encontrado en la carga inicial del DOM. Verificando estado inicial.\");\n verificarYCambiarEstilo($initialForm);\n } else {\n console.warn(\"\u26a0\ufe0f Formulario con selector '\" + formSelector + \"' no encontrado en la carga inicial del DOM. Esperando 'wpcf7init'.\");\n }\n});\n<\/script>\n<\/p><div class=\"wpcf7-response-output\" aria-hidden=\"true\"><\/div>\n<\/form>\n<\/div>\n<\/div>\n\t\t\t\t\t\t<\/div>\n\t\t\t\t<div class=\"elementor-element elementor-element-bb421c0 elementor-widget elementor-widget-html\" data-id=\"bb421c0\" data-element_type=\"widget\" data-widget_type=\"html.default\">\n\t\t\t\t\t<style>\n    #colophon{display:none;}\n    .elementor-294 .elementor-element.elementor-element-3eb36fe {\n        display: none;\n    }\n    .elementor-294 .elementor-element.elementor-element-32057c98 {\n        display:none\n    }\n    .elementor-294 .elementor-element.elementor-element-d54ef5f {\n        display:none;\n    }\n<\/style>\t\t\t\t<\/div>\n\t\t\t\t<\/div>\n\t\t\t\t<\/div>\n\t\t\t\t<\/div>\n\t\t","protected":false},"excerpt":{"rendered":"<p>Reg\u00edstrate<\/p>\n","protected":false},"author":1,"featured_media":0,"parent":0,"menu_order":0,"comment_status":"closed","ping_status":"closed","template":"elementor_header_footer","meta":{"site-sidebar-layout":"no-sidebar","site-content-layout":"","ast-site-content-layout":"full-width-container","site-content-style":"default","site-sidebar-style":"default","ast-global-header-display":"","ast-banner-title-visibility":"","ast-main-header-display":"","ast-hfb-above-header-display":"","ast-hfb-below-header-display":"","ast-hfb-mobile-header-display":"","site-post-title":"disabled","ast-breadcrumbs-content":"","ast-featured-img":"disabled","footer-sml-layout":"","theme-transparent-header-meta":"default","adv-header-id-meta":"","stick-header-meta":"","header-above-stick-meta":"","header-main-stick-meta":"","header-below-stick-meta":"","astra-migrate-meta-layouts":"set","ast-page-background-enabled":"default","ast-page-background-meta":{"desktop":{"background-color":"var(--ast-global-color-5)","background-image":"","background-repeat":"repeat","background-position":"center center","background-size":"auto","background-attachment":"scroll","background-type":"","background-media":"","overlay-type":"","overlay-color":"","overlay-opacity":"","overlay-gradient":""},"tablet":{"background-color":"","background-image":"","background-repeat":"repeat","background-position":"center center","background-size":"auto","background-attachment":"scroll","background-type":"","background-media":"","overlay-type":"","overlay-color":"","overlay-opacity":"","overlay-gradient":""},"mobile":{"background-color":"","background-image":"","background-repeat":"repeat","background-position":"center center","background-size":"auto","background-attachment":"scroll","background-type":"","background-media":"","overlay-type":"","overlay-color":"","overlay-opacity":"","overlay-gradient":""}},"ast-content-background-meta":{"desktop":{"background-color":"var(--ast-global-color-4)","background-image":"","background-repeat":"repeat","background-position":"center center","background-size":"auto","background-attachment":"scroll","background-type":"","background-media":"","overlay-type":"","overlay-color":"","overlay-opacity":"","overlay-gradient":""},"tablet":{"background-color":"var(--ast-global-color-4)","background-image":"","background-repeat":"repeat","background-position":"center center","background-size":"auto","background-attachment":"scroll","background-type":"","background-media":"","overlay-type":"","overlay-color":"","overlay-opacity":"","overlay-gradient":""},"mobile":{"background-color":"var(--ast-global-color-4)","background-image":"","background-repeat":"repeat","background-position":"center center","background-size":"auto","background-attachment":"scroll","background-type":"","background-media":"","overlay-type":"","overlay-color":"","overlay-opacity":"","overlay-gradient":""}},"footnotes":""},"class_list":["post-693","page","type-page","status-publish","hentry"],"_links":{"self":[{"href":"https:\/\/spia.health\/index.php?rest_route=\/wp\/v2\/pages\/693","targetHints":{"allow":["GET"]}}],"collection":[{"href":"https:\/\/spia.health\/index.php?rest_route=\/wp\/v2\/pages"}],"about":[{"href":"https:\/\/spia.health\/index.php?rest_route=\/wp\/v2\/types\/page"}],"author":[{"embeddable":true,"href":"https:\/\/spia.health\/index.php?rest_route=\/wp\/v2\/users\/1"}],"replies":[{"embeddable":true,"href":"https:\/\/spia.health\/index.php?rest_route=%2Fwp%2Fv2%2Fcomments&post=693"}],"version-history":[{"count":36,"href":"https:\/\/spia.health\/index.php?rest_route=\/wp\/v2\/pages\/693\/revisions"}],"predecessor-version":[{"id":951,"href":"https:\/\/spia.health\/index.php?rest_route=\/wp\/v2\/pages\/693\/revisions\/951"}],"wp:attachment":[{"href":"https:\/\/spia.health\/index.php?rest_route=%2Fwp%2Fv2%2Fmedia&parent=693"}],"curies":[{"name":"wp","href":"https:\/\/api.w.org\/{rel}","templated":true}]}}